{"id":19138,"date":"2024-05-09T14:43:13","date_gmt":"2024-05-09T13:43:13","guid":{"rendered":"https:\/\/techforgood.cymru\/contact\/"},"modified":"2024-10-01T15:53:31","modified_gmt":"2024-10-01T14:53:31","slug":"cysylltu","status":"publish","type":"page","link":"https:\/\/promo.cymru\/cy\/cysylltu\/","title":{"rendered":"Cysylltu"},"content":{"rendered":"<\/div>\n<style>\n    .header-block{\n        width: 100%;\n    }\n<\/style>\n\n<div  class=\"header-block\" style=\"\">\n\n    \n\n\n<div class=\"container mx-auto\">\n    <div class=\"max-w-[920px] mx-auto text-center\">\n                <h2 class=\"my-8\">Cysylltwch<\/h2>\n        \n            <\/div>\n<\/div>\n<div class=\"relative\">\n    \n\n\n\n<\/div>\n\n<\/div>\n\n<div class=\"container mx-auto\">\n<div class=\"wp-block-columns is-layout-flex wp-container-core-columns-is-layout-9d6595d7 wp-block-columns-is-layout-flex\">\n<div class=\"wp-block-column is-layout-flow wp-block-column-is-layout-flow\">\n<h3 class=\"wp-block-heading has-text-align-center\">Siaradwch \u00e2 ni<\/h3>\n\n\n\n<p><\/p>\n\n\n\n<p class=\"has-text-align-center\">Edrychwn ymlaen at glywed gennych chi! <\/p>\n\n\n\n<p class=\"has-text-align-center\">Y ffyrdd gorau i gysylltu yw ar y ff\u00f4n neu e-bost.<br\/><strong><br\/><\/strong>Ff\u00f4n: <a href=\"tel:02920462222\">029 2046 2222<br\/><\/a>E-bost: <a href=\"mailto:info@promo.cymru\">info@promo.cymru<\/a><\/p>\n<\/div>\n\n\n\n<div class=\"wp-block-column is-layout-flow wp-block-column-is-layout-flow\">\n<h3 class=\"wp-block-heading has-text-align-center\">Dewch draw<\/h3>\n\n\n\n<p class=\"has-text-align-center\">ProMo Cymru<br\/>Y Cwrt<br\/>17 Stryd Bute y Gorllewin<br\/>Bae Caerdydd<br\/>Caerdydd<br\/>CF10 5EP<br\/><a href=\"https:\/\/www.google.com\/maps\/place\/17+W+Bute+St,+Cardiff+CF10+5EP\/@51.4643047,-3.1711442,17z\/data=!4m6!3m5!1s0x486e033629269fbd:0x8d8955bb65485ee8!8m2!3d51.4649167!4d-3.1671024!16s%2Fg%2F11csh96h8b?entry=ttu\">Gweld ar Google Maps<\/a><\/p>\n<\/div>\n<\/div>\n\n<div style=\"height:30px\" aria-hidden=\"true\" class=\"wp-block-spacer\"><\/div>\n\n<div class=\"wp-block-columns is-layout-flex wp-container-core-columns-is-layout-9d6595d7 wp-block-columns-is-layout-flex\">\n<div class=\"wp-block-column is-vertically-aligned-stretch px-2 is-layout-flow wp-block-column-is-layout-flow\">\n<iframe style=\"max-width: 100%\" src=\"https:\/\/www.google.com\/maps\/embed?pb=!1m18!1m12!1m3!1d2485.631780762558!2d-3.1671023999999997!3d51.464916699999996!2m3!1f0!2f0!3f0!3m2!1i1024!2i768!4f13.1!3m3!1m2!1s0x486e033629269fbd%3A0x8d8955bb65485ee8!2s17%20W%20Bute%20St%2C%20Cardiff%20CF10%205EP!5e0!3m2!1sen!2suk!4v1716458508421!5m2!1sen!2suk\" width=\"100%\" height=\"450\" allowfullscreen=\"\" loading=\"lazy\" referrerpolicy=\"no-referrer-when-downgrade\"><\/iframe>\n\n\n\n<div style=\"height:30px\" aria-hidden=\"true\" class=\"wp-block-spacer\"><\/div>\n<\/div>\n<\/div>\n\n<h4 class=\"wp-block-heading has-text-align-center\">Cyrraedd Yma<\/h4>\n\n<div style=\"height:30px\" aria-hidden=\"true\" class=\"wp-block-spacer\"><\/div>\n\n<p>Mae\u2019r adeilad wedi\u2019i leoli ar ben llwybr sydd yn rhedeg rhwng siop barbwr Jack Bourne a siop pryd parod Roscoes BBQ Grill.<\/p>\n\n<h5 class=\"wp-block-heading\">Mynediad<\/h5>\n\n<p>Y ffordd hawsaf i gyrraedd Bae Caerdydd o&#8217;r M4 ydy defnyddio&#8217;r A4232 (Ffordd Cyswllt Caerdydd) o Gyffordd 33.<br\/><\/p>\n\n<h5 class=\"wp-block-heading\">Parcio<\/h5>\n\n<p>Mae parcio ar y stryd yn brin iawn ym Mae Caerdydd, ond os ydych chi&#8217;n ddigon ffodus i gael lle yna mae&#8217;r awr gyntaf ar Stryd Bute y Gorllewin am ddim.<br\/>Otherwise we would advise using the Havannah Street Car Park (it\u2019s about an eight-minute walk).<br\/><\/p>\n\n<h5 class=\"wp-block-heading\">Tr\u00ean<\/h5>\n\n<p>Yr orsaf drenau agosaf yw Bae Caerdydd ac mae gwasanaeth rheolaidd (tua phedwar tr\u00ean yr awr) o orsaf Heol-y-Frenhines i\u2019r Bae. Fel arall mae prif linell Gorsaf Ganolog Caerdydd tua 15-20 munud o gerdded i lawr Dumballs Road neu Stryd Bute. Os yw hyn yn hy bell i gerdded, gallech chi neidio ar fws #6 (Baycar), sydd yn gadael o gefn yr orsaf drenau a dadlwytho ger Canolfan Mileniwm Cymru.<\/p>\n\n<h5 class=\"wp-block-heading\">Bws<br\/><\/h5>\n\n<p>Mae Bws Caerdydd yn darparu gwasanaeth da ym Mae Caerdydd, gan gynnwys gwasanaethau #1, #2, #6 (Baycar), #7 a #8. Mae N.A.T. hefyd yn rhedeg gwasanaeth X8 sydd yn mynd o Thornhill i Fae Caerdydd. Mae Traveline Cymru yn ddefnyddiol iawn os ydych chi&#8217;n chwilio am siwrne bws neu dr\u00ean.<\/p>\n\n<h5 class=\"wp-block-heading\">Beicio a cherdded<\/h5>\n\n<p>Mae ein swyddfeydd wedi&#8217;u lleoli ar waelod y Daith Taf. Mae gan Sustrans fapiau da i feicwyr.<\/p>\n\n<h5 class=\"wp-block-heading\">Tacsi<\/h5>\n\n<p>Capital Cabs \u2013 029 20 777 777 Dragon Taxis \u2013 029 20 333 333<\/p>\n","protected":false},"excerpt":{"rendered":"<p>Siaradwch \u00e2 ni Edrychwn ymlaen at glywed gennych chi! Y ffyrdd gorau i gysylltu yw ar y ff\u00f4n neu e-bost.Ff\u00f4n: 029 2046 2222E-bost: info@promo.cymru Dewch draw ProMo CymruY Cwrt17 Stryd Bute y GorllewinBae CaerdyddCaerdyddCF10 5EPGweld ar Google Maps Cyrraedd Yma Mae\u2019r adeilad wedi\u2019i leoli ar ben llwybr sydd yn rhedeg rhwng siop barbwr Jack Bourne [&hellip;]<\/p>\n","protected":false},"author":1,"featured_media":0,"parent":0,"menu_order":0,"comment_status":"closed","ping_status":"closed","template":"","meta":{"_acf_changed":false,"inline_featured_image":false,"footnotes":""},"class_list":["post-19138","page","type-page","status-publish","hentry"],"acf":[],"yoast_head":"<!-- This site is optimized with the Yoast SEO plugin v26.8 - https:\/\/yoast.com\/product\/yoast-seo-wordpress\/ -->\n<title>Cysylltu - ProMo Cymru<\/title>\n<meta name=\"robots\" content=\"index, follow, max-snippet:-1, max-image-preview:large, max-video-preview:-1\" \/>\n<link rel=\"canonical\" href=\"https:\/\/promo.cymru\/cy\/cysylltu\/\" \/>\n<meta property=\"og:locale\" content=\"cy_GB\" \/>\n<meta property=\"og:type\" content=\"article\" \/>\n<meta property=\"og:title\" content=\"Cysylltu - ProMo Cymru\" \/>\n<meta property=\"og:description\" content=\"Siaradwch \u00e2 ni Edrychwn ymlaen at glywed gennych chi! Y ffyrdd gorau i gysylltu yw ar y ff\u00f4n neu e-bost.Ff\u00f4n: 029 2046 2222E-bost: info@promo.cymru Dewch draw ProMo CymruY Cwrt17 Stryd Bute y GorllewinBae CaerdyddCaerdyddCF10 5EPGweld ar Google Maps Cyrraedd Yma Mae\u2019r adeilad wedi\u2019i leoli ar ben llwybr sydd yn rhedeg rhwng siop barbwr Jack Bourne [&hellip;]\" \/>\n<meta property=\"og:url\" content=\"https:\/\/promo.cymru\/cy\/cysylltu\/\" \/>\n<meta property=\"og:site_name\" content=\"ProMo Cymru\" \/>\n<meta property=\"article:modified_time\" content=\"2024-10-01T14:53:31+00:00\" \/>\n<meta name=\"twitter:card\" content=\"summary_large_image\" \/>\n<meta name=\"twitter:label1\" content=\"Est. reading time\" \/>\n\t<meta name=\"twitter:data1\" content=\"2 minutes\" \/>\n<script type=\"application\/ld+json\" class=\"yoast-schema-graph\">{\"@context\":\"https:\/\/schema.org\",\"@graph\":[{\"@type\":\"WebPage\",\"@id\":\"https:\/\/promo.cymru\/cy\/cysylltu\/\",\"url\":\"https:\/\/promo.cymru\/cy\/cysylltu\/\",\"name\":\"Cysylltu - ProMo Cymru\",\"isPartOf\":{\"@id\":\"https:\/\/promo.cymru\/cy\/#website\"},\"datePublished\":\"2024-05-09T13:43:13+00:00\",\"dateModified\":\"2024-10-01T14:53:31+00:00\",\"breadcrumb\":{\"@id\":\"https:\/\/promo.cymru\/cy\/cysylltu\/#breadcrumb\"},\"inLanguage\":\"cy-GB\",\"potentialAction\":[{\"@type\":\"ReadAction\",\"target\":[\"https:\/\/promo.cymru\/cy\/cysylltu\/\"]}]},{\"@type\":\"BreadcrumbList\",\"@id\":\"https:\/\/promo.cymru\/cy\/cysylltu\/#breadcrumb\",\"itemListElement\":[{\"@type\":\"ListItem\",\"position\":1,\"name\":\"Home\",\"item\":\"https:\/\/promo.cymru\/cy\/\"},{\"@type\":\"ListItem\",\"position\":2,\"name\":\"Cysylltu\"}]},{\"@type\":\"WebSite\",\"@id\":\"https:\/\/promo.cymru\/cy\/#website\",\"url\":\"https:\/\/promo.cymru\/cy\/\",\"name\":\"ProMo Cymru\",\"description\":\"\",\"publisher\":{\"@id\":\"https:\/\/promo.cymru\/cy\/#organization\"},\"potentialAction\":[{\"@type\":\"SearchAction\",\"target\":{\"@type\":\"EntryPoint\",\"urlTemplate\":\"https:\/\/promo.cymru\/cy\/?s={search_term_string}\"},\"query-input\":{\"@type\":\"PropertyValueSpecification\",\"valueRequired\":true,\"valueName\":\"search_term_string\"}}],\"inLanguage\":\"cy-GB\"},{\"@type\":\"Organization\",\"@id\":\"https:\/\/promo.cymru\/cy\/#organization\",\"name\":\"ProMo Cymru\",\"url\":\"https:\/\/promo.cymru\/cy\/\",\"logo\":{\"@type\":\"ImageObject\",\"inLanguage\":\"cy-GB\",\"@id\":\"https:\/\/promo.cymru\/cy\/#\/schema\/logo\/image\/\",\"url\":\"https:\/\/promo.cymru\/wp-content\/uploads\/2024\/07\/logo.svg\",\"contentUrl\":\"https:\/\/promo.cymru\/wp-content\/uploads\/2024\/07\/logo.svg\",\"width\":151,\"height\":54,\"caption\":\"ProMo Cymru\"},\"image\":{\"@id\":\"https:\/\/promo.cymru\/cy\/#\/schema\/logo\/image\/\"}}]}<\/script>\n<!-- \/ Yoast SEO plugin. -->","yoast_head_json":{"title":"Cysylltu - ProMo Cymru","robots":{"index":"index","follow":"follow","max-snippet":"max-snippet:-1","max-image-preview":"max-image-preview:large","max-video-preview":"max-video-preview:-1"},"canonical":"https:\/\/promo.cymru\/cy\/cysylltu\/","og_locale":"cy_GB","og_type":"article","og_title":"Cysylltu - ProMo Cymru","og_description":"Siaradwch \u00e2 ni Edrychwn ymlaen at glywed gennych chi! Y ffyrdd gorau i gysylltu yw ar y ff\u00f4n neu e-bost.Ff\u00f4n: 029 2046 2222E-bost: info@promo.cymru Dewch draw ProMo CymruY Cwrt17 Stryd Bute y GorllewinBae CaerdyddCaerdyddCF10 5EPGweld ar Google Maps Cyrraedd Yma Mae\u2019r adeilad wedi\u2019i leoli ar ben llwybr sydd yn rhedeg rhwng siop barbwr Jack Bourne [&hellip;]","og_url":"https:\/\/promo.cymru\/cy\/cysylltu\/","og_site_name":"ProMo Cymru","article_modified_time":"2024-10-01T14:53:31+00:00","twitter_card":"summary_large_image","twitter_misc":{"Est. reading time":"2 minutes"},"schema":{"@context":"https:\/\/schema.org","@graph":[{"@type":"WebPage","@id":"https:\/\/promo.cymru\/cy\/cysylltu\/","url":"https:\/\/promo.cymru\/cy\/cysylltu\/","name":"Cysylltu - ProMo Cymru","isPartOf":{"@id":"https:\/\/promo.cymru\/cy\/#website"},"datePublished":"2024-05-09T13:43:13+00:00","dateModified":"2024-10-01T14:53:31+00:00","breadcrumb":{"@id":"https:\/\/promo.cymru\/cy\/cysylltu\/#breadcrumb"},"inLanguage":"cy-GB","potentialAction":[{"@type":"ReadAction","target":["https:\/\/promo.cymru\/cy\/cysylltu\/"]}]},{"@type":"BreadcrumbList","@id":"https:\/\/promo.cymru\/cy\/cysylltu\/#breadcrumb","itemListElement":[{"@type":"ListItem","position":1,"name":"Home","item":"https:\/\/promo.cymru\/cy\/"},{"@type":"ListItem","position":2,"name":"Cysylltu"}]},{"@type":"WebSite","@id":"https:\/\/promo.cymru\/cy\/#website","url":"https:\/\/promo.cymru\/cy\/","name":"ProMo Cymru","description":"","publisher":{"@id":"https:\/\/promo.cymru\/cy\/#organization"},"potentialAction":[{"@type":"SearchAction","target":{"@type":"EntryPoint","urlTemplate":"https:\/\/promo.cymru\/cy\/?s={search_term_string}"},"query-input":{"@type":"PropertyValueSpecification","valueRequired":true,"valueName":"search_term_string"}}],"inLanguage":"cy-GB"},{"@type":"Organization","@id":"https:\/\/promo.cymru\/cy\/#organization","name":"ProMo Cymru","url":"https:\/\/promo.cymru\/cy\/","logo":{"@type":"ImageObject","inLanguage":"cy-GB","@id":"https:\/\/promo.cymru\/cy\/#\/schema\/logo\/image\/","url":"https:\/\/promo.cymru\/wp-content\/uploads\/2024\/07\/logo.svg","contentUrl":"https:\/\/promo.cymru\/wp-content\/uploads\/2024\/07\/logo.svg","width":151,"height":54,"caption":"ProMo Cymru"},"image":{"@id":"https:\/\/promo.cymru\/cy\/#\/schema\/logo\/image\/"}}]}},"_links":{"self":[{"href":"https:\/\/promo.cymru\/cy\/wp-json\/wp\/v2\/pages\/19138","targetHints":{"allow":["GET"]}}],"collection":[{"href":"https:\/\/promo.cymru\/cy\/wp-json\/wp\/v2\/pages"}],"about":[{"href":"https:\/\/promo.cymru\/cy\/wp-json\/wp\/v2\/types\/page"}],"author":[{"embeddable":true,"href":"https:\/\/promo.cymru\/cy\/wp-json\/wp\/v2\/users\/1"}],"replies":[{"embeddable":true,"href":"https:\/\/promo.cymru\/cy\/wp-json\/wp\/v2\/comments?post=19138"}],"version-history":[{"count":11,"href":"https:\/\/promo.cymru\/cy\/wp-json\/wp\/v2\/pages\/19138\/revisions"}],"predecessor-version":[{"id":19328,"href":"https:\/\/promo.cymru\/cy\/wp-json\/wp\/v2\/pages\/19138\/revisions\/19328"}],"wp:attachment":[{"href":"https:\/\/promo.cymru\/cy\/wp-json\/wp\/v2\/media?parent=19138"}],"curies":[{"name":"wp","href":"https:\/\/api.w.org\/{rel}","templated":true}]}}