{"id":22448,"date":"2025-08-19T16:33:00","date_gmt":"2025-08-19T15:33:00","guid":{"rendered":"https:\/\/promo.cymru\/ai-statement\/"},"modified":"2025-08-21T10:42:02","modified_gmt":"2025-08-21T09:42:02","slug":"datganiad-deallusrwydd-artiffisial","status":"publish","type":"page","link":"https:\/\/promo.cymru\/cy\/datganiad-deallusrwydd-artiffisial\/","title":{"rendered":"Datganiad Deallusrwydd Artiffisial"},"content":{"rendered":"\n<h2 class=\"wp-block-heading has-text-align-center\">Datganiad Deallusrwydd Artiffisial<\/h2>\n\n\n\n<figure class=\"wp-block-image aligncenter size-full\"><img loading=\"lazy\" decoding=\"async\" width=\"123\" height=\"123\" src=\"https:\/\/promo.cymru\/wp-content\/uploads\/2024\/07\/fundinc2-icon_orange-1.png\" alt=\"\" class=\"wp-image-18987\"\/><\/figure>\n\n\n\n<h4 class=\"wp-block-heading\"><strong>Ein Gwerthoedd<\/strong><\/h4>\n\n\n\n<p>Mae ProMo Cymru yn cofleidio technoleg i gefnogi ein cenhadaeth i Gyfathrebu, Cynllunio, Adeiladu gyda phobl ifanc a chymunedau er mwyn cyflawni newid. Fel rhan o hyn, rydym yn defnyddio adnoddau deallusrwydd artiffisial (AI) i fwyhau ein ffordd o weithio &#8211; yn fewnol ac mewn partneriaeth \u00e2 sefydliadau trydydd sector ledled Cymru.<\/p>\n\n\n\n<p>Ar yr un pryd, rydym yn ystyried y foeseg, risgiau a chyfrifoldebau o ddefnyddio&#8217;r rhain yn ofalus iawn.<\/p>\n\n\n\n<p>Ar y dudalen yma, rhannwn sut a pham rydym yn defnyddio AI yn ProMo.<\/p>\n\n\n\n<h4 class=\"wp-block-heading\"><strong>Pam rydym yn defnyddio AI?<\/strong><\/h4>\n\n\n\n<p>Rydym yn buddsoddi mewn dysgu am AI, fel y gallwn gymhwyso hyn i&#8217;n gwaith gyda&#8217;r nod o gynyddu ein heffaith a&#8217;n cynaliadwyedd.<\/p>\n\n\n\n<p>Rydym yn rhannu ein harbenigedd a&#8217;n gwybodaeth i helpu&#8217;r sector, gyda phrosiectau fel <a href=\"https:\/\/promo.cymru\/cy\/project\/digicymru\/\">DigiCymru<\/a> a <a href=\"https:\/\/www.newid.cymru\/cy\/\">Newid<\/a>, yn darparu hyfforddiant a chreu adnoddau.&nbsp;<\/p>\n\n\n\n<h4 class=\"wp-block-heading\"><strong>Rydym yn archwilio sut y gallai AI ein helpu i:<\/strong><\/h4>\n\n\n\n<ul class=\"wp-block-list\">\n<li>Ryddhau amser staff a chreu capasiti, lleihau gweinyddiaeth a gwella ein prosesau. Er enghraifft, rydym yn defnyddio Zoom AI Companion ar gyfer nodiadau cyfarfodydd mewnol, ChatGPT a Claude i greu copi drafft cyntaf ar gyfer cynnwys, a NotebookLM ar gyfer atebion cyflymach i ymholiadau polisi mewnol.<\/li>\n\n\n\n<li>Cyflwyno ein gwasanaethau mewn ffyrdd newydd ac arloesol, gan ganolbwyntio ar hygyrchedd. Er enghraifft, rydym yn defnyddio Firebase Studio i greu prototeipiau o raglenni gwe, ac Airtable i gefnogi ein staff llinell gymorth i gael mynediad at wybodaeth a chreu nodiadau achos yn gyflymach, gan ganiat\u00e1u iddynt dreulio mwy o amser yn siarad \u00e2 defnyddwyr ein gwasanaeth.<\/li>\n\n\n\n<li>Meithrin sgiliau, gwybodaeth ac arbenigedd sefydliadau trydydd sector yng Nghymru, yn eu cefnogi i gynyddu eu heffaith wrth fabwysiadu technoleg ddigidol. Er enghraifft, trwy wasanaeth DigiCymru a ariennir gan y Loteri Gymunedol, yn ogystal \u00e2 chyflwyno sgyrsiau, cyflwyniadau a hyfforddiant.<\/li>\n<\/ul>\n\n\n\n<h4 class=\"wp-block-heading\"><strong>Ein Hegwyddorion ar gyfer defnydd cyfrifol<\/strong><\/h4>\n\n\n\n<ul class=\"wp-block-list\">\n<li><strong>Atebolrwydd: <\/strong>Rydym yn cadw person yn rhan o&#8217;r broses bob tro, sy&#8217;n golygu ein bod yn gyfrifol ac yn atebol am yr allbwn.<\/li>\n\n\n\n<li><strong>Tryloywder: <\/strong>Rydym yn agored yngl\u0177n \u00e2 pham a sut rydym yn ei ddefnyddio<\/li>\n\n\n\n<li><strong>Bwriad gofalus: <\/strong>Rydym yn ystyried effeithiau AI a sut y gallwn ei ddefnyddio&#8217;n fwriadol i gyflawni ein cenhadaeth.<\/li>\n\n\n\n<li><strong>Rhannu gwybodaeth: <\/strong>Rydym yn buddsoddi mewn dysgu am AI, fel y gallwn gymhwyso hyn i&#8217;n gwaith, cynyddu ein heffaith a chefnogi&#8217;r trydydd sector.<\/li>\n\n\n\n<li><strong>Preifatrwydd:<\/strong> Ni fyddwn yn rhannu eich data gydag offer AI heb eich caniat\u00e2d.<\/li>\n\n\n\n<li><strong>Amgylchedd: <\/strong>Rydym yn cydnabod bod gan AI gost amgylcheddol, ac nid oes gennym yr holl atebion eto yngl\u0177n \u00e2 sut i fynd i&#8217;r afael \u00e2 hyn. Rydym wedi ymrwymo i ddysgu, addasu ein harferion, a rhannu&#8217;r hyn a ddarganfyddwn.<\/li>\n<\/ul>\n\n\n\n<h4 class=\"wp-block-heading\"><strong>Adnoddau ac Offer<\/strong><\/h4>\n\n\n\n<p><strong>Egwyddorion AI y Loteri Genedlaethol<\/strong><br><a href=\"https:\/\/www.tnlcommunityfund.org.uk\/welsh\/funding\/thinking-of-applying-for-funding\/using-artificial-intelligence-tools-in-funding-applications\">https:\/\/www.tnlcommunityfund.org.uk\/welsh\/funding\/thinking-of-applying-for-funding\/using-artificial-intelligence-tools-in-funding-applications<\/a><\/p>\n\n\n\n<p><strong><strong>Templed: Adnodd Asesu Risg Deallusrwydd Artiffisial<\/strong><br><\/strong><a href=\"https:\/\/docs.google.com\/spreadsheets\/d\/11S3OpUdfDYJtC9qZMydFj8Hmy_bLs3XFkWylltAJxQ4\/edit?ref=newid.cymru&amp;gid=1022288143#gid=1022288143\">https:\/\/www.newid.cymru\/cy\/adnodd-asesu-risg-ai-am-ddim-ir-trydydd-sector\/<\/a><\/p>\n\n\n\n<p><strong>Cyfrifiannell Ynni Deallusrwydd Artiffisial EcoLogits (Saesneg yn unig)<br><\/strong><a href=\"https:\/\/huggingface.co\/spaces\/genai-impact\/ecologits-calculator\">https:\/\/huggingface.co\/spaces\/genai-impact\/ecologits-calculator<\/a>&nbsp;<\/p>\n\n\n\n<p><strong>Arolwg AI ProMo Cymru<br><\/strong><a href=\"https:\/\/form.typeform.com\/to\/OKOdLhps\">https:\/\/form.typeform.com\/to\/OKOdLhps<\/a><\/p>\n\n\n\n<p><strong>Deallusrwydd artiffisial a safonau\u2019r Gymraeg<\/strong><br><a href=\"https:\/\/www.comisiynyddygymraeg.cymru\/newyddion\/deallusrwydd-artiffisial-a-safonau-r-gymraeg\">https:\/\/www.comisiynyddygymraeg.cymru\/newyddion\/deallusrwydd-artiffisial-a-safonau-r-gymraeg<\/a><\/p>\n\n\n\n<p>Os ydych chi angen cymorth gydag AI. neu unrhyw heriau digidol eraill rydych chi&#8217;n wynebu, mae <a href=\"https:\/\/promo.cymru\/cy\/project\/digicymru\/\">DigiCymru<\/a>&nbsp; yn cynnig cymorth digidol un i un i holl sefydliadau trydydd sector Cymru<\/p>\n\n\n\n<p>Os oes gennych chi ymholiadau am AI, neu am y datganiad yma, cysylltwch ar <a href=\"mailto:info@promo.cymru\">info@promo.cymru<\/a><\/p>\n","protected":false},"excerpt":{"rendered":"<p>Datganiad Deallusrwydd Artiffisial Ein Gwerthoedd Mae ProMo Cymru yn cofleidio technoleg i gefnogi ein cenhadaeth i Gyfathrebu, Cynllunio, Adeiladu gyda phobl ifanc a chymunedau er mwyn cyflawni newid. Fel rhan o hyn, rydym yn defnyddio adnoddau deallusrwydd artiffisial (AI) i fwyhau ein ffordd o weithio &#8211; yn fewnol ac mewn partneriaeth \u00e2 sefydliadau trydydd sector [&hellip;]<\/p>\n","protected":false},"author":9,"featured_media":20047,"parent":0,"menu_order":0,"comment_status":"closed","ping_status":"closed","template":"","meta":{"_acf_changed":false,"inline_featured_image":false,"footnotes":""},"class_list":["post-22448","page","type-page","status-publish","has-post-thumbnail","hentry"],"acf":[],"yoast_head":"<!-- This site is optimized with the Yoast SEO plugin v26.8 - https:\/\/yoast.com\/product\/yoast-seo-wordpress\/ -->\n<title>Datganiad Deallusrwydd Artiffisial - ProMo Cymru<\/title>\n<meta name=\"robots\" content=\"index, follow, max-snippet:-1, max-image-preview:large, max-video-preview:-1\" \/>\n<link rel=\"canonical\" href=\"https:\/\/promo.cymru\/cy\/datganiad-deallusrwydd-artiffisial\/\" \/>\n<meta property=\"og:locale\" content=\"cy_GB\" \/>\n<meta property=\"og:type\" content=\"article\" \/>\n<meta property=\"og:title\" content=\"Datganiad Deallusrwydd Artiffisial - ProMo Cymru\" \/>\n<meta property=\"og:description\" content=\"Datganiad Deallusrwydd Artiffisial Ein Gwerthoedd Mae ProMo Cymru yn cofleidio technoleg i gefnogi ein cenhadaeth i Gyfathrebu, Cynllunio, Adeiladu gyda phobl ifanc a chymunedau er mwyn cyflawni newid. Fel rhan o hyn, rydym yn defnyddio adnoddau deallusrwydd artiffisial (AI) i fwyhau ein ffordd o weithio &#8211; yn fewnol ac mewn partneriaeth \u00e2 sefydliadau trydydd sector [&hellip;]\" \/>\n<meta property=\"og:url\" content=\"https:\/\/promo.cymru\/cy\/datganiad-deallusrwydd-artiffisial\/\" \/>\n<meta property=\"og:site_name\" content=\"ProMo Cymru\" \/>\n<meta property=\"article:modified_time\" content=\"2025-08-21T09:42:02+00:00\" \/>\n<meta property=\"og:image\" content=\"https:\/\/promo.cymru\/wp-content\/uploads\/2024\/09\/Samaritans-Service-Design-Training.png\" \/>\n\t<meta property=\"og:image:width\" content=\"300\" \/>\n\t<meta property=\"og:image:height\" content=\"135\" \/>\n\t<meta property=\"og:image:type\" content=\"image\/png\" \/>\n<meta name=\"twitter:card\" content=\"summary_large_image\" \/>\n<meta name=\"twitter:label1\" content=\"Est. reading time\" \/>\n\t<meta name=\"twitter:data1\" content=\"3 minutes\" \/>\n<script type=\"application\/ld+json\" class=\"yoast-schema-graph\">{\"@context\":\"https:\/\/schema.org\",\"@graph\":[{\"@type\":\"WebPage\",\"@id\":\"https:\/\/promo.cymru\/cy\/datganiad-deallusrwydd-artiffisial\/\",\"url\":\"https:\/\/promo.cymru\/cy\/datganiad-deallusrwydd-artiffisial\/\",\"name\":\"Datganiad Deallusrwydd Artiffisial - ProMo Cymru\",\"isPartOf\":{\"@id\":\"https:\/\/promo.cymru\/cy\/#website\"},\"primaryImageOfPage\":{\"@id\":\"https:\/\/promo.cymru\/cy\/datganiad-deallusrwydd-artiffisial\/#primaryimage\"},\"image\":{\"@id\":\"https:\/\/promo.cymru\/cy\/datganiad-deallusrwydd-artiffisial\/#primaryimage\"},\"thumbnailUrl\":\"https:\/\/promo.cymru\/wp-content\/uploads\/2024\/09\/Samaritans-Service-Design-Training.png\",\"datePublished\":\"2025-08-19T15:33:00+00:00\",\"dateModified\":\"2025-08-21T09:42:02+00:00\",\"breadcrumb\":{\"@id\":\"https:\/\/promo.cymru\/cy\/datganiad-deallusrwydd-artiffisial\/#breadcrumb\"},\"inLanguage\":\"cy-GB\",\"potentialAction\":[{\"@type\":\"ReadAction\",\"target\":[\"https:\/\/promo.cymru\/cy\/datganiad-deallusrwydd-artiffisial\/\"]}]},{\"@type\":\"ImageObject\",\"inLanguage\":\"cy-GB\",\"@id\":\"https:\/\/promo.cymru\/cy\/datganiad-deallusrwydd-artiffisial\/#primaryimage\",\"url\":\"https:\/\/promo.cymru\/wp-content\/uploads\/2024\/09\/Samaritans-Service-Design-Training.png\",\"contentUrl\":\"https:\/\/promo.cymru\/wp-content\/uploads\/2024\/09\/Samaritans-Service-Design-Training.png\",\"width\":300,\"height\":135},{\"@type\":\"BreadcrumbList\",\"@id\":\"https:\/\/promo.cymru\/cy\/datganiad-deallusrwydd-artiffisial\/#breadcrumb\",\"itemListElement\":[{\"@type\":\"ListItem\",\"position\":1,\"name\":\"Home\",\"item\":\"https:\/\/promo.cymru\/cy\/\"},{\"@type\":\"ListItem\",\"position\":2,\"name\":\"Datganiad Deallusrwydd Artiffisial\"}]},{\"@type\":\"WebSite\",\"@id\":\"https:\/\/promo.cymru\/cy\/#website\",\"url\":\"https:\/\/promo.cymru\/cy\/\",\"name\":\"ProMo Cymru\",\"description\":\"\",\"publisher\":{\"@id\":\"https:\/\/promo.cymru\/cy\/#organization\"},\"potentialAction\":[{\"@type\":\"SearchAction\",\"target\":{\"@type\":\"EntryPoint\",\"urlTemplate\":\"https:\/\/promo.cymru\/cy\/?s={search_term_string}\"},\"query-input\":{\"@type\":\"PropertyValueSpecification\",\"valueRequired\":true,\"valueName\":\"search_term_string\"}}],\"inLanguage\":\"cy-GB\"},{\"@type\":\"Organization\",\"@id\":\"https:\/\/promo.cymru\/cy\/#organization\",\"name\":\"ProMo Cymru\",\"url\":\"https:\/\/promo.cymru\/cy\/\",\"logo\":{\"@type\":\"ImageObject\",\"inLanguage\":\"cy-GB\",\"@id\":\"https:\/\/promo.cymru\/cy\/#\/schema\/logo\/image\/\",\"url\":\"https:\/\/promo.cymru\/wp-content\/uploads\/2024\/07\/logo.svg\",\"contentUrl\":\"https:\/\/promo.cymru\/wp-content\/uploads\/2024\/07\/logo.svg\",\"width\":151,\"height\":54,\"caption\":\"ProMo Cymru\"},\"image\":{\"@id\":\"https:\/\/promo.cymru\/cy\/#\/schema\/logo\/image\/\"}}]}<\/script>\n<!-- \/ Yoast SEO plugin. -->","yoast_head_json":{"title":"Datganiad Deallusrwydd Artiffisial - ProMo Cymru","robots":{"index":"index","follow":"follow","max-snippet":"max-snippet:-1","max-image-preview":"max-image-preview:large","max-video-preview":"max-video-preview:-1"},"canonical":"https:\/\/promo.cymru\/cy\/datganiad-deallusrwydd-artiffisial\/","og_locale":"cy_GB","og_type":"article","og_title":"Datganiad Deallusrwydd Artiffisial - ProMo Cymru","og_description":"Datganiad Deallusrwydd Artiffisial Ein Gwerthoedd Mae ProMo Cymru yn cofleidio technoleg i gefnogi ein cenhadaeth i Gyfathrebu, Cynllunio, Adeiladu gyda phobl ifanc a chymunedau er mwyn cyflawni newid. Fel rhan o hyn, rydym yn defnyddio adnoddau deallusrwydd artiffisial (AI) i fwyhau ein ffordd o weithio &#8211; yn fewnol ac mewn partneriaeth \u00e2 sefydliadau trydydd sector [&hellip;]","og_url":"https:\/\/promo.cymru\/cy\/datganiad-deallusrwydd-artiffisial\/","og_site_name":"ProMo Cymru","article_modified_time":"2025-08-21T09:42:02+00:00","og_image":[{"width":300,"height":135,"url":"https:\/\/promo.cymru\/wp-content\/uploads\/2024\/09\/Samaritans-Service-Design-Training.png","type":"image\/png"}],"twitter_card":"summary_large_image","twitter_misc":{"Est. reading time":"3 minutes"},"schema":{"@context":"https:\/\/schema.org","@graph":[{"@type":"WebPage","@id":"https:\/\/promo.cymru\/cy\/datganiad-deallusrwydd-artiffisial\/","url":"https:\/\/promo.cymru\/cy\/datganiad-deallusrwydd-artiffisial\/","name":"Datganiad Deallusrwydd Artiffisial - ProMo Cymru","isPartOf":{"@id":"https:\/\/promo.cymru\/cy\/#website"},"primaryImageOfPage":{"@id":"https:\/\/promo.cymru\/cy\/datganiad-deallusrwydd-artiffisial\/#primaryimage"},"image":{"@id":"https:\/\/promo.cymru\/cy\/datganiad-deallusrwydd-artiffisial\/#primaryimage"},"thumbnailUrl":"https:\/\/promo.cymru\/wp-content\/uploads\/2024\/09\/Samaritans-Service-Design-Training.png","datePublished":"2025-08-19T15:33:00+00:00","dateModified":"2025-08-21T09:42:02+00:00","breadcrumb":{"@id":"https:\/\/promo.cymru\/cy\/datganiad-deallusrwydd-artiffisial\/#breadcrumb"},"inLanguage":"cy-GB","potentialAction":[{"@type":"ReadAction","target":["https:\/\/promo.cymru\/cy\/datganiad-deallusrwydd-artiffisial\/"]}]},{"@type":"ImageObject","inLanguage":"cy-GB","@id":"https:\/\/promo.cymru\/cy\/datganiad-deallusrwydd-artiffisial\/#primaryimage","url":"https:\/\/promo.cymru\/wp-content\/uploads\/2024\/09\/Samaritans-Service-Design-Training.png","contentUrl":"https:\/\/promo.cymru\/wp-content\/uploads\/2024\/09\/Samaritans-Service-Design-Training.png","width":300,"height":135},{"@type":"BreadcrumbList","@id":"https:\/\/promo.cymru\/cy\/datganiad-deallusrwydd-artiffisial\/#breadcrumb","itemListElement":[{"@type":"ListItem","position":1,"name":"Home","item":"https:\/\/promo.cymru\/cy\/"},{"@type":"ListItem","position":2,"name":"Datganiad Deallusrwydd Artiffisial"}]},{"@type":"WebSite","@id":"https:\/\/promo.cymru\/cy\/#website","url":"https:\/\/promo.cymru\/cy\/","name":"ProMo Cymru","description":"","publisher":{"@id":"https:\/\/promo.cymru\/cy\/#organization"},"potentialAction":[{"@type":"SearchAction","target":{"@type":"EntryPoint","urlTemplate":"https:\/\/promo.cymru\/cy\/?s={search_term_string}"},"query-input":{"@type":"PropertyValueSpecification","valueRequired":true,"valueName":"search_term_string"}}],"inLanguage":"cy-GB"},{"@type":"Organization","@id":"https:\/\/promo.cymru\/cy\/#organization","name":"ProMo Cymru","url":"https:\/\/promo.cymru\/cy\/","logo":{"@type":"ImageObject","inLanguage":"cy-GB","@id":"https:\/\/promo.cymru\/cy\/#\/schema\/logo\/image\/","url":"https:\/\/promo.cymru\/wp-content\/uploads\/2024\/07\/logo.svg","contentUrl":"https:\/\/promo.cymru\/wp-content\/uploads\/2024\/07\/logo.svg","width":151,"height":54,"caption":"ProMo Cymru"},"image":{"@id":"https:\/\/promo.cymru\/cy\/#\/schema\/logo\/image\/"}}]}},"_links":{"self":[{"href":"https:\/\/promo.cymru\/cy\/wp-json\/wp\/v2\/pages\/22448","targetHints":{"allow":["GET"]}}],"collection":[{"href":"https:\/\/promo.cymru\/cy\/wp-json\/wp\/v2\/pages"}],"about":[{"href":"https:\/\/promo.cymru\/cy\/wp-json\/wp\/v2\/types\/page"}],"author":[{"embeddable":true,"href":"https:\/\/promo.cymru\/cy\/wp-json\/wp\/v2\/users\/9"}],"replies":[{"embeddable":true,"href":"https:\/\/promo.cymru\/cy\/wp-json\/wp\/v2\/comments?post=22448"}],"version-history":[{"count":7,"href":"https:\/\/promo.cymru\/cy\/wp-json\/wp\/v2\/pages\/22448\/revisions"}],"predecessor-version":[{"id":22469,"href":"https:\/\/promo.cymru\/cy\/wp-json\/wp\/v2\/pages\/22448\/revisions\/22469"}],"wp:featuredmedia":[{"embeddable":true,"href":"https:\/\/promo.cymru\/cy\/wp-json\/wp\/v2\/media\/20047"}],"wp:attachment":[{"href":"https:\/\/promo.cymru\/cy\/wp-json\/wp\/v2\/media?parent=22448"}],"curies":[{"name":"wp","href":"https:\/\/api.w.org\/{rel}","templated":true}]}}